{"id":3147,"date":"2014-08-29T01:32:00","date_gmt":"2014-08-29T01:32:00","guid":{"rendered":"http:\/\/wp\/?page_id=2"},"modified":"2024-07-10T13:23:43","modified_gmt":"2024-07-10T11:23:43","slug":"sample-page","status":"publish","type":"page","link":"https:\/\/www.gva-cadrans.ch\/","title":{"rendered":"Accueil"},"content":{"rendered":"\n<style type=\"text\/css\" data-created_by=\"avia_inline_auto\" id=\"style-css-av-shfd1n-194ae2d5e161f913294f1b8c1aa6cee5\">\n.avia-section.av-shfd1n-194ae2d5e161f913294f1b8c1aa6cee5 .av-extra-border-element .av-extra-border-inner{\nbackground-color:#ffffff;\n}\n<\/style>\n<div id='av_section_1'  class='avia-section av-shfd1n-194ae2d5e161f913294f1b8c1aa6cee5 main_color avia-section-large avia-no-border-styling  avia-builder-el-0  el_before_av_masonry_entries  avia-builder-el-first  avia-bg-style-scroll av-arrow-down-section container_wrap sidebar_right'  ><div class='container av-section-cont-open' ><main  role=\"main\" itemprop=\"mainContentOfPage\"  class='template-page content  av-content-small alpha units'><div class='post-entry post-entry-type-page post-entry-3147'><div class='entry-content-wrapper clearfix'>\n<div  class='flex_column av-r4le0b-d991f69ffcac2a6ec41aaa2ea79365d3 av_one_fifth  avia-builder-el-1  el_before_av_three_fifth  avia-builder-el-first  first flex_column_div  '     ><\/div>\n<style type=\"text\/css\" data-created_by=\"avia_inline_auto\" id=\"style-css-av-p65dpn-740e7b421a2aa17a39ef0aac0242c463\">\n.flex_column.av-p65dpn-740e7b421a2aa17a39ef0aac0242c463{\nborder-radius:0px 0px 0px 0px;\npadding:0px 0px 0px 0px;\n}\n<\/style>\n<div  class='flex_column av-p65dpn-740e7b421a2aa17a39ef0aac0242c463 av_three_fifth  avia-builder-el-2  el_after_av_one_fifth  el_before_av_one_fifth  flex_column_div av-zero-column-padding  '     ><p>\n<style type=\"text\/css\" data-created_by=\"avia_inline_auto\" id=\"style-css-av-o4guu3-1098c32ed8b4c43dfe7a3ff9c93705f5\">\n#top .av-special-heading.av-o4guu3-1098c32ed8b4c43dfe7a3ff9c93705f5{\npadding-bottom:10px;\nfont-size:25px;\n}\nbody .av-special-heading.av-o4guu3-1098c32ed8b4c43dfe7a3ff9c93705f5 .av-special-heading-tag .heading-char{\nfont-size:25px;\n}\n#top #wrap_all .av-special-heading.av-o4guu3-1098c32ed8b4c43dfe7a3ff9c93705f5 .av-special-heading-tag{\nfont-size:25px;\n}\n.av-special-heading.av-o4guu3-1098c32ed8b4c43dfe7a3ff9c93705f5 .av-subheading{\nfont-size:15px;\n}\n\n@media only screen and (min-width: 480px) and (max-width: 767px){ \n#top #wrap_all .av-special-heading.av-o4guu3-1098c32ed8b4c43dfe7a3ff9c93705f5 .av-special-heading-tag{\nfont-size:0.8em;\n}\n}\n\n@media only screen and (max-width: 479px){ \n#top #wrap_all .av-special-heading.av-o4guu3-1098c32ed8b4c43dfe7a3ff9c93705f5 .av-special-heading-tag{\nfont-size:0.8em;\n}\n}\n<\/style>\n<div  class='av-special-heading av-o4guu3-1098c32ed8b4c43dfe7a3ff9c93705f5 av-special-heading-h3 blockquote classic-quote  avia-builder-el-3  el_before_av_textblock  avia-builder-el-first  av-inherit-size'><h3 class='av-special-heading-tag'  itemprop=\"headline\"  >La passion d\u2019une \u00e9quipe au service de vos exigences <\/h3><div class=\"special-heading-border\"><div class=\"special-heading-inner-border\"><\/div><\/div><\/div><br \/>\n\n<style type=\"text\/css\" data-created_by=\"avia_inline_auto\" id=\"style-css-av-m7wkt7-5001c7efeda6c1e66271ae8b1620599a\">\n#top .av_textblock_section.av-m7wkt7-5001c7efeda6c1e66271ae8b1620599a .avia_textblock{\nfont-size:16px;\n}\n<\/style>\n<section  class='av_textblock_section av-m7wkt7-5001c7efeda6c1e66271ae8b1620599a '   itemscope=\"itemscope\" itemtype=\"https:\/\/schema.org\/CreativeWork\" ><div class='avia_textblock'  itemprop=\"text\" ><p style=\"text-align: center;\">GVA Cadrans SA est une soci\u00e9t\u00e9 ind\u00e9pendante bas\u00e9e \u00e0 Satigny dans le canton de Gen\u00e8ve, nous offrons \u00e0 nos clients la totalit\u00e9 des m\u00e9tiers et des savoir-faire indispensables \u00e0 la r\u00e9alisation de leurs plus belles cr\u00e9ations.<\/p>\n<\/div><\/section><\/p><\/div>\n<style type=\"text\/css\" data-created_by=\"avia_inline_auto\" id=\"style-css-av-kvbtkb-0c77bab5a83c8f4223f1c98c13bd5f8f\">\n.flex_column.av-kvbtkb-0c77bab5a83c8f4223f1c98c13bd5f8f{\nborder-radius:0px 0px 0px 0px;\npadding:0px 0px 0px 0px;\n}\n<\/style>\n<div  class='flex_column av-kvbtkb-0c77bab5a83c8f4223f1c98c13bd5f8f av_one_fifth  avia-builder-el-5  el_after_av_three_fifth  el_before_av_hr  flex_column_div av-zero-column-padding  '     ><\/div><div  class='hr av-ixngmz-4a91b229cf139efea744e5d9602de042 hr-default  avia-builder-el-6  el_after_av_one_fifth  el_before_av_one_third '><span class='hr-inner '><span class=\"hr-inner-style\"><\/span><\/span><\/div>\n<div  class='flex_column av-hfriob-7b00c665c20872f55d90c6172af3de25 av_one_third  avia-builder-el-7  el_after_av_hr  el_before_av_one_third  first flex_column_div  '     ><style type=\"text\/css\" data-created_by=\"avia_inline_auto\" id=\"style-css-av-fynfsr-7ef02382497c31b3ce4f7849de4c3cd3\">\n.iconbox.av-fynfsr-7ef02382497c31b3ce4f7849de4c3cd3 .iconbox_icon{\nborder:1px solid #307ecc;\ncolor:#307ecc;\n}\n<\/style>\n<article  class='iconbox iconbox_left_content av-fynfsr-7ef02382497c31b3ce4f7849de4c3cd3  avia-builder-el-8  avia-builder-el-no-sibling '  itemscope=\"itemscope\" itemtype=\"https:\/\/schema.org\/CreativeWork\" ><div class=\"iconbox_icon heading-color\" aria-hidden='true' data-av_icon='\ue83c' data-av_iconfont='entypo-fontello'><\/div><div class=\"iconbox_content\"><header class=\"entry-content-header\"><h3 class='iconbox_content_title '  itemprop=\"headline\" >Accompagnement<\/h3><\/header><div class='iconbox_content_container '  itemprop=\"text\" ><p>De la r\u00e9alisation d\u2019une pi\u00e8ce unique \u00e0 la fabrication en s\u00e9rie, nous vous accompagnerons et vous conseillerons durant l\u2019int\u00e9gralit\u00e9 de vos d\u00e9veloppements afin de vous apporter les solutions les plus \u00a0ad\u00e9quates \u00e0 vos attentes.<\/p>\n<\/div><\/div><footer class=\"entry-footer\"><\/footer><\/article><\/div>\n<style type=\"text\/css\" data-created_by=\"avia_inline_auto\" id=\"style-css-av-deeyrf-3f9908222feffb9396edb061a7e62c4f\">\n.flex_column.av-deeyrf-3f9908222feffb9396edb061a7e62c4f{\nborder-radius:0px 0px 0px 0px;\npadding:0px 0px 0px 0px;\n}\n<\/style>\n<div  class='flex_column av-deeyrf-3f9908222feffb9396edb061a7e62c4f av_one_third  avia-builder-el-9  el_after_av_one_third  el_before_av_one_third  flex_column_div av-zero-column-padding  '     ><style type=\"text\/css\" data-created_by=\"avia_inline_auto\" id=\"style-css-av-cgz1pn-902c589f3f9cb0e3fd77c42e1ab53b8c\">\n.iconbox.av-cgz1pn-902c589f3f9cb0e3fd77c42e1ab53b8c .iconbox_icon{\nborder:1px solid #307ecc;\ncolor:#307ecc;\n}\n<\/style>\n<article  class='iconbox iconbox_left_content av-cgz1pn-902c589f3f9cb0e3fd77c42e1ab53b8c  avia-builder-el-10  avia-builder-el-no-sibling '  itemscope=\"itemscope\" itemtype=\"https:\/\/schema.org\/CreativeWork\" ><div class=\"iconbox_icon heading-color\" aria-hidden='true' data-av_icon='\ue856' data-av_iconfont='entypo-fontello'><\/div><div class=\"iconbox_content\"><header class=\"entry-content-header\"><h3 class='iconbox_content_title '  itemprop=\"headline\" >Technicit\u00e9<\/h3><\/header><div class='iconbox_content_container '  itemprop=\"text\" ><p>Alliant technicit\u00e9 et artisanat, maitrisant les m\u00e9tiers d\u2019art tels que l\u2019\u00e9mail grand feu, la peinture miniature, la ciselure, le travail de la pierre et de la nacre, ainsi que les travaux de sertissage et des m\u00e9taux nobles, conf\u00e8re \u00e0 notre client\u00e8le, une palette de cr\u00e9ation infinie.<\/p>\n<\/div><\/div><footer class=\"entry-footer\"><\/footer><\/article><\/div>\n<style type=\"text\/css\" data-created_by=\"avia_inline_auto\" id=\"style-css-av-b3izx7-b628977482efdd25e269c76c5b5477ad\">\n.flex_column.av-b3izx7-b628977482efdd25e269c76c5b5477ad{\nborder-radius:0px 0px 0px 0px;\npadding:0px 0px 0px 0px;\n}\n<\/style>\n<div  class='flex_column av-b3izx7-b628977482efdd25e269c76c5b5477ad av_one_third  avia-builder-el-11  el_after_av_one_third  el_before_av_hr  flex_column_div av-zero-column-padding  '     ><style type=\"text\/css\" data-created_by=\"avia_inline_auto\" id=\"style-css-av-9lf4gr-4061c83107b9f79b2424a76cee407e9b\">\n.iconbox.av-9lf4gr-4061c83107b9f79b2424a76cee407e9b .iconbox_icon{\nborder:1px solid #307ecc;\ncolor:#307ecc;\n}\n<\/style>\n<article  class='iconbox iconbox_left_content av-9lf4gr-4061c83107b9f79b2424a76cee407e9b  avia-builder-el-12  avia-builder-el-no-sibling '  itemscope=\"itemscope\" itemtype=\"https:\/\/schema.org\/CreativeWork\" ><div class=\"iconbox_icon heading-color\" aria-hidden='true' data-av_icon='\ue808' data-av_iconfont='entypo-fontello'><\/div><div class=\"iconbox_content\"><header class=\"entry-content-header\"><h3 class='iconbox_content_title '  itemprop=\"headline\" >Qualit\u00e9<\/h3><\/header><div class='iconbox_content_container '  itemprop=\"text\" ><p>Depuis plusieurs ann\u00e9es au service de l\u2019industrie horlog\u00e8re, nous nous appliquons chaque jour \u00e0 ma\u00eetriser nos diff\u00e9rents proc\u00e9d\u00e9s de fabrication et \u00e0 \u00eatre force de proposition.<\/p>\n<\/div><\/div><footer class=\"entry-footer\"><\/footer><\/article><\/div><div  class='hr av-6xqz9n-e588fbafc7b5472c8f465ff265d94d15 hr-default  avia-builder-el-13  el_after_av_one_third  el_before_av_textblock '><span class='hr-inner '><span class=\"hr-inner-style\"><\/span><\/span><\/div>\n\n<style type=\"text\/css\" data-created_by=\"avia_inline_auto\" id=\"style-css-av-5shurf-6b5705e01da9f7b682860a06daab3583\">\n#top .av_textblock_section.av-5shurf-6b5705e01da9f7b682860a06daab3583 .avia_textblock{\nfont-size:16px;\n}\n<\/style>\n<section  class='av_textblock_section av-5shurf-6b5705e01da9f7b682860a06daab3583 '   itemscope=\"itemscope\" itemtype=\"https:\/\/schema.org\/CreativeWork\" ><div class='avia_textblock'  itemprop=\"text\" ><p style=\"text-align: center;\">R\u00e9activit\u00e9, qualit\u00e9, satisfaction sont les mots d&rsquo;ordre de la soci\u00e9t\u00e9 GVA Cadrans SA<\/p>\n<\/div><\/section>\n\n<div id='av-masonry-1' class='av-masonry av-4rr70r-cdfebf3b618c397585c542c0684302c5 noHover av-fixed-size av-no-gap av-hover-overlay-active av-masonry-animation-active av-masonry-col-6 av-caption-always av-caption-style- av-masonry-entries ' data-post_id=\"3147\"><div class=\"av-masonry-container isotope av-js-disabled\"><div class='av-masonry-entry isotope-item av-masonry-item-no-image '><\/div><a href=\"https:\/\/www.gva-cadrans.ch\/index.php\/portfolio-item\/sln\/\"  id='av-masonry-1-item-3392' data-av-masonry-item='3392' class='av-masonry-entry isotope-item post-3392 portfolio type-portfolio status-publish has-post-thumbnail hentry portfolio_entries-savoir-faire  av-masonry-item-with-image' title=\"SLN\"   itemscope=\"itemscope\" itemtype=\"https:\/\/schema.org\/CreativeWork\" ><div class='av-inner-masonry-sizer'><\/div><figure class='av-inner-masonry main_color'><div class=\"av-masonry-outerimage-container\"><div class='av-masonry-image-container' style=\"background-image: url(https:\/\/www.gva-cadrans.ch\/wp-content\/uploads\/2014\/08\/SLN-512x705.jpg);\"  title=\"SLN\"  ><\/div><\/div><\/figure><\/a><!--end av-masonry entry--><a href=\"https:\/\/www.gva-cadrans.ch\/index.php\/portfolio-item\/decoration\/\"  id='av-masonry-1-item-3407' data-av-masonry-item='3407' class='av-masonry-entry isotope-item post-3407 portfolio type-portfolio status-publish has-post-thumbnail hentry portfolio_entries-savoir-faire  av-masonry-item-with-image' title=\"D\u00e9coration\"   itemscope=\"itemscope\" itemtype=\"https:\/\/schema.org\/CreativeWork\" ><div class='av-inner-masonry-sizer'><\/div><figure class='av-inner-masonry main_color'><div class=\"av-masonry-outerimage-container\"><div class='av-masonry-image-container' style=\"background-image: url(https:\/\/www.gva-cadrans.ch\/wp-content\/uploads\/2014\/08\/D\u00e9coration-503x705.jpg);\"  title=\"D\u00e9coration\"  ><\/div><\/div><\/figure><\/a><!--end av-masonry entry--><a href=\"https:\/\/www.gva-cadrans.ch\/index.php\/portfolio-item\/galvanoplastie\/\"  id='av-masonry-1-item-3403' data-av-masonry-item='3403' class='av-masonry-entry isotope-item post-3403 portfolio type-portfolio status-publish has-post-thumbnail hentry portfolio_entries-savoir-faire  av-masonry-item-with-image' title=\"Galvano\"   itemscope=\"itemscope\" itemtype=\"https:\/\/schema.org\/CreativeWork\" ><div class='av-inner-masonry-sizer'><\/div><figure class='av-inner-masonry main_color'><div class=\"av-masonry-outerimage-container\"><div class='av-masonry-image-container' style=\"background-image: url(https:\/\/www.gva-cadrans.ch\/wp-content\/uploads\/2014\/08\/Galvano-705x560.jpg);\"  title=\"Galvano\"  ><\/div><\/div><\/figure><\/a><!--end av-masonry entry--><a href=\"https:\/\/www.gva-cadrans.ch\/index.php\/portfolio-item\/peinture\/\"  id='av-masonry-1-item-3399' data-av-masonry-item='3399' class='av-masonry-entry isotope-item post-3399 portfolio type-portfolio status-publish has-post-thumbnail hentry portfolio_entries-savoir-faire  av-masonry-item-with-image' title=\"Peinture miniature\"   itemscope=\"itemscope\" itemtype=\"https:\/\/schema.org\/CreativeWork\" ><div class='av-inner-masonry-sizer'><\/div><figure class='av-inner-masonry main_color'><div class=\"av-masonry-outerimage-container\"><div class='av-masonry-image-container' style=\"background-image: url(https:\/\/www.gva-cadrans.ch\/wp-content\/uploads\/2014\/08\/Peinture-miniature-705x423.jpg);\"  title=\"Peinture miniature\"  ><\/div><\/div><\/figure><\/a><!--end av-masonry entry--><a href=\"https:\/\/www.gva-cadrans.ch\/index.php\/portfolio-item\/ciselure\/\"  id='av-masonry-1-item-3411' data-av-masonry-item='3411' class='av-masonry-entry isotope-item post-3411 portfolio type-portfolio status-publish has-post-thumbnail hentry portfolio_entries-savoir-faire  av-masonry-item-with-image' title=\"Ciselure\"   itemscope=\"itemscope\" itemtype=\"https:\/\/schema.org\/CreativeWork\" ><div class='av-inner-masonry-sizer'><\/div><figure class='av-inner-masonry main_color'><div class=\"av-masonry-outerimage-container\"><div class='av-masonry-image-container' style=\"background-image: url(https:\/\/www.gva-cadrans.ch\/wp-content\/uploads\/2014\/08\/Ciselure-507x705.jpg);\"  title=\"Ciselure\"  ><\/div><\/div><\/figure><\/a><!--end av-masonry entry--><a href=\"https:\/\/www.gva-cadrans.ch\/index.php\/portfolio-item\/email\/\"  id='av-masonry-1-item-3405' data-av-masonry-item='3405' class='av-masonry-entry isotope-item post-3405 portfolio type-portfolio status-publish has-post-thumbnail hentry portfolio_entries-savoir-faire  av-masonry-item-with-image' title=\"Email\"   itemscope=\"itemscope\" itemtype=\"https:\/\/schema.org\/CreativeWork\" ><div class='av-inner-masonry-sizer'><\/div><figure class='av-inner-masonry main_color'><div class=\"av-masonry-outerimage-container\"><div class='av-masonry-image-container' style=\"background-image: url(https:\/\/www.gva-cadrans.ch\/wp-content\/uploads\/2014\/08\/Email-590x705.jpg);\"  title=\"Email\"  ><\/div><\/div><\/figure><\/a><!--end av-masonry entry--><\/div><\/div>\n<div  class='avia-button-wrap avia-button-center  avia-builder-el-16  el_after_av_masonry_entries  avia-builder-el-last '>\n<style type=\"text\/css\" data-created_by=\"avia_inline_auto\" id=\"style-css-av-21cvvf-baa80698791196a51dcba94d2fbbd6f8\">\n#top #wrap_all .avia-button.av-21cvvf-baa80698791196a51dcba94d2fbbd6f8{\nbackground-color:#307ecc;\nborder-color:#307ecc;\ncolor:#ffffff;\ntransition:all 0.4s ease-in-out;\n}\n#top #wrap_all .avia-button.av-21cvvf-baa80698791196a51dcba94d2fbbd6f8:hover{\nbackground-color:#444444;\ncolor:#ffffff;\ntransition:all 0.4s ease-in-out;\n}\n<\/style>\n<a href='https:\/\/www.gva-cadrans.ch\/index.php\/contact\/' class='av-icon-on-hover avia-button avia-button-fullwidth av-21cvvf-baa80698791196a51dcba94d2fbbd6f8 avia-icon_select-yes-right-icon avia-color-custom'  ><span class='avia_iconbox_title' >Contactez-nous<\/span><span class='avia_button_icon avia_button_icon_right' aria-hidden='true' data-av_icon='\ue805' data-av_iconfont='entypo-fontello'><\/span><div class='av-button-description av-button-description-below'><p>Et commen\u00e7ons \u00e0 travailler ensemble sur votre nouveau projet !<\/p>\n<\/div><\/a><\/div>\n","protected":false},"excerpt":{"rendered":"","protected":false},"author":1,"featured_media":0,"parent":0,"menu_order":0,"comment_status":"open","ping_status":"open","template":"","meta":{"footnotes":""},"_links":{"self":[{"href":"https:\/\/www.gva-cadrans.ch\/index.php\/wp-json\/wp\/v2\/pages\/3147"}],"collection":[{"href":"https:\/\/www.gva-cadrans.ch\/index.php\/wp-json\/wp\/v2\/pages"}],"about":[{"href":"https:\/\/www.gva-cadrans.ch\/index.php\/wp-json\/wp\/v2\/types\/page"}],"author":[{"embeddable":true,"href":"https:\/\/www.gva-cadrans.ch\/index.php\/wp-json\/wp\/v2\/users\/1"}],"replies":[{"embeddable":true,"href":"https:\/\/www.gva-cadrans.ch\/index.php\/wp-json\/wp\/v2\/comments?post=3147"}],"version-history":[{"count":41,"href":"https:\/\/www.gva-cadrans.ch\/index.php\/wp-json\/wp\/v2\/pages\/3147\/revisions"}],"predecessor-version":[{"id":3561,"href":"https:\/\/www.gva-cadrans.ch\/index.php\/wp-json\/wp\/v2\/pages\/3147\/revisions\/3561"}],"wp:attachment":[{"href":"https:\/\/www.gva-cadrans.ch\/index.php\/wp-json\/wp\/v2\/media?parent=3147"}],"curies":[{"name":"wp","href":"https:\/\/api.w.org\/{rel}","templated":true}]}}